{"id":862,"date":"2025-12-14T11:13:31","date_gmt":"2025-12-14T11:13:31","guid":{"rendered":"https:\/\/chateaudebagens.fr\/?page_id=862"},"modified":"2026-04-13T13:53:09","modified_gmt":"2026-04-13T13:53:09","slug":"mentions-legales","status":"publish","type":"page","link":"https:\/\/chateaudebagens.fr\/en\/mentions-legales\/","title":{"rendered":"Legal Notice"},"content":{"rendered":"<div data-elementor-type=\"wp-page\" data-elementor-id=\"862\" class=\"elementor elementor-862\" data-elementor-settings=\"{&quot;element_pack_global_tooltip_width&quot;:{&quot;unit&quot;:&quot;px&quot;,&quot;size&quot;:&quot;&quot;,&quot;sizes&quot;:[]},&quot;element_pack_global_tooltip_width_tablet&quot;:{&quot;unit&quot;:&quot;px&quot;,&quot;size&quot;:&quot;&quot;,&quot;sizes&quot;:[]},&quot;element_pack_global_tooltip_width_mobile&quot;:{&quot;unit&quot;:&quot;px&quot;,&quot;size&quot;:&quot;&quot;,&quot;sizes&quot;:[]},&quot;element_pack_global_tooltip_padding&quot;:{&quot;unit&quot;:&quot;px&quot;,&quot;top&quot;:&quot;&quot;,&quot;right&quot;:&quot;&quot;,&quot;bottom&quot;:&quot;&quot;,&quot;left&quot;:&quot;&quot;,&quot;isLinked&quot;:true},&quot;element_pack_global_tooltip_padding_tablet&quot;:{&quot;unit&quot;:&quot;px&quot;,&quot;top&quot;:&quot;&quot;,&quot;right&quot;:&quot;&quot;,&quot;bottom&quot;:&quot;&quot;,&quot;left&quot;:&quot;&quot;,&quot;isLinked&quot;:true},&quot;element_pack_global_tooltip_padding_mobile&quot;:{&quot;unit&quot;:&quot;px&quot;,&quot;top&quot;:&quot;&quot;,&quot;right&quot;:&quot;&quot;,&quot;bottom&quot;:&quot;&quot;,&quot;left&quot;:&quot;&quot;,&quot;isLinked&quot;:true},&quot;element_pack_global_tooltip_border_radius&quot;:{&quot;unit&quot;:&quot;px&quot;,&quot;top&quot;:&quot;&quot;,&quot;right&quot;:&quot;&quot;,&quot;bottom&quot;:&quot;&quot;,&quot;left&quot;:&quot;&quot;,&quot;isLinked&quot;:true},&quot;element_pack_global_tooltip_border_radius_tablet&quot;:{&quot;unit&quot;:&quot;px&quot;,&quot;top&quot;:&quot;&quot;,&quot;right&quot;:&quot;&quot;,&quot;bottom&quot;:&quot;&quot;,&quot;left&quot;:&quot;&quot;,&quot;isLinked&quot;:true},&quot;element_pack_global_tooltip_border_radius_mobile&quot;:{&quot;unit&quot;:&quot;px&quot;,&quot;top&quot;:&quot;&quot;,&quot;right&quot;:&quot;&quot;,&quot;bottom&quot;:&quot;&quot;,&quot;left&quot;:&quot;&quot;,&quot;isLinked&quot;:true}}\">\n\t\t\t\t<div class=\"elementor-element elementor-element-1b277d2 e-flex e-con-boxed e-con e-parent\" data-id=\"1b277d2\" data-element_type=\"container\" data-e-type=\"container\">\n\t\t\t\t\t<div class=\"e-con-inner\">\n\t\t\t\t<div class=\"elementor-element elementor-element-5b8a1867 elementor-widget elementor-widget-text-editor\" data-id=\"5b8a1867\" data-element_type=\"widget\" data-e-type=\"widget\" data-widget_type=\"text-editor.default\">\n\t\t\t\t\t\t\t\t\t\n<p><span style=\"color: #333333;\"><\/span><\/p>\n<h2 class=\"wp-block-heading\"><span style=\"color: #333333;\"><strong>1. \u00c9diteur du site<\/strong><\/span><\/h2>\n<p><span style=\"color: #333333;\"><\/span><\/p>\n<p><span style=\"color: #333333;\">Le site internet <strong>chateaudebagens.fr<\/strong> (ci-apr\u00e8s le \u00ab Site \u00bb) est \u00e9dit\u00e9 par :<\/span><\/p>\n<p><span style=\"color: #333333;\"><\/span><\/p>\n<p><span style=\"color: #333333;\"><strong>Ch\u00e2teau de Bagens<\/strong><\/span><br \/><span style=\"color: #333333;\">Adresse : Ch\u00e2teau de Bagens, Lieu Dit Bagens, 09190 Lorp-Sentarailles \u2013 France<\/span><br \/><span style=\"color: #333333;\">SIRET : 933 818 494 00017<\/span><br \/><span style=\"color: #333333;\">SIREN : 933 818 494<\/span><br \/><span style=\"color: #333333;\">Activit\u00e9 principale (APE\/NAF) : 55.20Z \u2013 H\u00e9bergement touristique et autre h\u00e9bergement de courte dur\u00e9e<\/span><br \/><span style=\"color: #333333;\">T\u00e9l\u00e9phone : +33 6 72 35 00 34<\/span><br \/><span style=\"color: #333333;\">E-mail : chateaudebagens@gmail.com<\/span><\/p>\n<p><span style=\"color: #333333;\"><\/span><\/p>\n<p><span style=\"color: #333333;\">Le responsable de la publication est le repr\u00e9sentant l\u00e9gal du Ch\u00e2teau de Bagens.<\/span><\/p>\n<p><span style=\"color: #333333;\"><\/span><\/p>\n<hr class=\"wp-block-separator has-alpha-channel-opacity\" \/>\n<p><span style=\"color: #333333;\"><\/span><\/p>\n<h2 class=\"wp-block-heading\"><span style=\"color: #333333;\"><strong>2. H\u00e9bergement<\/strong><\/span><\/h2>\n<p><span style=\"color: #333333;\"><\/span><\/p>\n<p><span style=\"color: #333333;\">Le Site est h\u00e9berg\u00e9 par la soci\u00e9t\u00e9 <strong>Hostinger International Ltd.<\/strong>, fournisseur de services d\u2019h\u00e9bergement web.<br \/><\/span>Serveur: France<br \/><span style=\"color: #333333;\">Si\u00e8ge social : 61 Lordou Vironos Street, 6023 Larnaca, <strong>Chypre<\/strong><\/span><br \/><span style=\"color: #333333;\">Site web de l\u2019h\u00e9bergeur : <a style=\"color: #333333;\" href=\"https:\/\/www.hostinger.com\" target=\"_blank\" rel=\"noopener\">https:\/\/www.hostinger.com<\/a> <a style=\"color: #333333;\" href=\"https:\/\/assets.zyrosite.com\/dWxL3W3nzjHx4OZ8\/mentions-legales-2025-TO2uc9XYKu8gERTS.pdf?utm_source=chatgpt.com\" target=\"_blank\" rel=\"noreferrer noopener\">Zyrosite+1<\/a><\/span><\/p>\n<p><span style=\"color: #333333;\"><\/span><\/p>\n<p><span style=\"color: #333333;\">Hostinger est une soci\u00e9t\u00e9 internationale d\u2019h\u00e9bergement web fond\u00e9e en 2004, dont le si\u00e8ge principal est en Lituanie et qui op\u00e8re dans de nombreux pays. <span style=\"text-decoration: underline;\"><strong><a style=\"color: #333333; text-decoration: underline;\" href=\"https:\/\/en.wikipedia.org\/wiki\/Hostinger?utm_source=chatgpt.com\" target=\"_blank\" rel=\"noreferrer noopener\">Wikip\u00e9dia<\/a><\/strong><\/span><\/span><\/p>\n<p><span style=\"color: #333333;\"><\/span><\/p>\n<hr class=\"wp-block-separator has-alpha-channel-opacity\" \/>\n<p><span style=\"color: #333333;\"><\/span><\/p>\n<h2 class=\"wp-block-heading\"><span style=\"color: #333333;\"><strong>3. Objet du site<\/strong><\/span><\/h2>\n<p><span style=\"color: #333333;\"><\/span><\/p>\n<p><span style=\"color: #333333;\">Le Site chateaudebagens.fr a pour objet de pr\u00e9senter l\u2019\u00e9tablissement du Ch\u00e2teau de Bagens, ses prestations de r\u00e9ception, d&rsquo;\u00e9v\u00e9nementiel et d\u2019h\u00e9bergement touristique, informations pratiques, galeries photos, actualit\u00e9s et possibilit\u00e9s de contact ou r\u00e9servation.<\/span><\/p>\n<p><span style=\"color: #333333;\"><\/span><\/p>\n<hr class=\"wp-block-separator has-alpha-channel-opacity\" \/>\n<p><span style=\"color: #333333;\"><\/span><\/p>\n<h2 class=\"wp-block-heading\"><span style=\"color: #333333;\"><strong>4. Propri\u00e9t\u00e9 intellectuelle<\/strong><\/span><\/h2>\n<p><span style=\"color: #333333;\"><\/span><\/p>\n<p><span style=\"color: #333333;\">L\u2019ensemble des contenus pr\u00e9sents sur ce Site \u2014 y compris mais sans s\u2019y limiter : textes, images, photographies, vid\u00e9os, logos, graphismes, ic\u00f4nes, formats et \u00e9l\u00e9ments visuels \u2014 est la propri\u00e9t\u00e9 exclusive du Ch\u00e2teau de Bagens ou utilis\u00e9 avec autorisation, et est prot\u00e9g\u00e9 par les lois fran\u00e7aises et internationales sur la propri\u00e9t\u00e9 intellectuelle.<\/span><\/p>\n<p><span style=\"color: #333333;\"><\/span><\/p>\n<p><span style=\"color: #333333;\">En particulier :<\/span><\/p>\n<p><span style=\"color: #333333;\"><\/span><\/p>\n<ul class=\"wp-block-list\">\n<li><span style=\"color: #333333;\">Les photos appartenant au ch\u00e2teau sont la propri\u00e9t\u00e9 du Ch\u00e2teau de Bagens.<\/span><\/li>\n\n<li><span style=\"color: #333333;\">Certaines photographies ont \u00e9t\u00e9 r\u00e9alis\u00e9es par <strong>Raphael Kann, Llivia Schmitt, Raphael Capelle<\/strong> et sont utilis\u00e9es avec leurs autorisations. Site du photographe : <a style=\"color: #333333;\" href=\"https:\/\/www.raphaelkann.com\/\" target=\"_blank\" rel=\"noopener\">https:\/\/www.raphaelkann.com\/<\/a><\/span><\/li>\n<\/ul>\n<p><span style=\"color: #333333;\"><\/span><\/p>\n<p><span style=\"color: #333333;\">Toute reproduction, repr\u00e9sentation, adaptation ou utilisation totale ou partielle de ces \u00e9l\u00e9ments, par quelque proc\u00e9d\u00e9 que ce soit, sans autorisation \u00e9crite pr\u00e9alable du Ch\u00e2teau de Bagens ou des auteurs concern\u00e9s, est strictement interdite et constitue une contrefa\u00e7on sanctionn\u00e9e par le Code de la propri\u00e9t\u00e9 intellectuelle.<\/span><\/p>\n<p><span style=\"color: #333333;\"><\/span><\/p>\n<hr class=\"wp-block-separator has-alpha-channel-opacity\" \/>\n<p><span style=\"color: #333333;\"><\/span><\/p>\n<h2 class=\"wp-block-heading\"><span style=\"color: #333333;\"><strong>5. Donn\u00e9es personnelles<\/strong><\/span><\/h2>\n<p><span style=\"color: #333333;\"><\/span><\/p>\n<p><span style=\"color: #333333;\">Les donn\u00e9es personnelles que vous pouvez \u00eatre amen\u00e9(e) \u00e0 fournir via les formulaires du Site (ex. : nom, pr\u00e9nom, adresse e-mail, num\u00e9ro de t\u00e9l\u00e9phone) sont collect\u00e9es uniquement si vous les renseignez volontairement (par exemple pour un contact ou une r\u00e9servation). Elles sont destin\u00e9es \u00e0 l\u2019usage exclusif du Ch\u00e2teau de Bagens pour r\u00e9pondre \u00e0 vos demandes.<\/span><\/p>\n<p><span style=\"color: #333333;\"><\/span><\/p>\n<p><span style=\"color: #333333;\">Conform\u00e9ment au <strong>R\u00e8glement g\u00e9n\u00e9ral sur la protection des donn\u00e9es (RGPD)<\/strong> et \u00e0 la loi \u00ab Informatique et Libert\u00e9s \u00bb, vous disposez d\u2019un droit d\u2019acc\u00e8s, de rectification, de suppression et d\u2019opposition des donn\u00e9es vous concernant. Pour exercer ces droits, vous pouvez nous contacter \u00e0 : chateaudebagens@gmail.com .<\/span><\/p>\n<p><span style=\"color: #333333;\"><\/span><\/p>\n<hr class=\"wp-block-separator has-alpha-channel-opacity\" \/>\n<p><span style=\"color: #333333;\"><\/span><\/p>\n<h2 class=\"wp-block-heading\"><span style=\"color: #333333;\"><strong>6. Cookies<\/strong><\/span><\/h2>\n<p><span style=\"color: #333333;\"><\/span><\/p>\n<p><span style=\"color: #333333;\">Le Site peut utiliser des cookies pour am\u00e9liorer la navigation et mesurer l\u2019audience. Vous pouvez configurer votre navigateur pour accepter ou refuser les cookies. Pour plus d\u2019informations, reportez-vous \u00e0 notre politique de cookies disponible sur le Site (si elle est mise en place).<\/span><\/p>\n<p><span style=\"color: #333333;\"><\/span><\/p>\n<hr class=\"wp-block-separator has-alpha-channel-opacity\" \/>\n<p><span style=\"color: #333333;\"><\/span><\/p>\n<h2 class=\"wp-block-heading\"><span style=\"color: #333333;\"><strong>7. Responsabilit\u00e9<\/strong><\/span><\/h2>\n<p><span style=\"color: #333333;\"><\/span><\/p>\n<p><span style=\"color: #333333;\">Le Ch\u00e2teau de Bagens met en \u0153uvre tous les moyens raisonnables pour assurer l\u2019exactitude des informations publi\u00e9es sur le Site. Toutefois, il ne peut garantir l\u2019exhaustivit\u00e9, l\u2019exactitude ou l\u2019actualit\u00e9 de ces informations et ne saurait \u00eatre tenu responsable des erreurs ou omissions.<\/span><\/p>\n<p><span style=\"color: #333333;\"><\/span><\/p>\n<p><span style=\"color: #333333;\">Le Ch\u00e2teau de Bagens ne peut \u00eatre tenu responsable des dommages directs ou indirects r\u00e9sultant de l\u2019acc\u00e8s au Site ou de l\u2019utilisation du contenu qui y est diffus\u00e9.<\/span><\/p>\n<p><span style=\"color: #333333;\"><\/span><\/p>\n<p><span style=\"color: #333333;\">Le Site peut contenir des liens vers d\u2019autres sites web externes. Le Ch\u00e2teau de Bagens n\u2019exerce aucun contr\u00f4le sur ces sites et d\u00e9cline toute responsabilit\u00e9 quant \u00e0 leur contenu.<\/span><\/p>\n<p><span style=\"color: #333333;\"><\/span><\/p>\n<hr class=\"wp-block-separator has-alpha-channel-opacity\" \/>\n<p><span style=\"color: #333333;\"><\/span><\/p>\n<h2 class=\"wp-block-heading\"><span style=\"color: #333333;\"><strong>8. Loi applicable &amp; juridiction<\/strong><\/span><\/h2>\n<p><span style=\"color: #333333;\"><\/span><\/p>\n<p><span style=\"color: #333333;\">Les pr\u00e9sentes mentions l\u00e9gales sont r\u00e9gies par le droit fran\u00e7ais. En cas de litige relatif \u00e0 l\u2019acc\u00e8s ou l\u2019utilisation du Site, le Tribunal comp\u00e9tent sera celui du ressort du si\u00e8ge social du Ch\u00e2teau de Bagens.<\/span><\/p>\n<p><span style=\"color: #333333;\"><\/span><\/p>\n<hr class=\"wp-block-separator has-alpha-channel-opacity\" \/>\n<p><span style=\"color: #333333;\"><\/span><\/p>\n<h2 class=\"wp-block-heading\"><span style=\"color: #333333;\"><strong>9. Conception &amp; d\u00e9veloppement<\/strong><\/span><\/h2>\n<p><span style=\"color: #333333;\"><\/span><\/p>\n<p><span style=\"color: #333333;\">D\u00e9veloppement du Site r\u00e9alis\u00e9 par :<\/span><br \/><span style=\"color: #333333;\"><strong>Swiloweb<\/strong><\/span><br \/><span style=\"color: #333333;\">Site web : swiloweb.com<\/span><br \/><span style=\"color: #333333;\">E-mail : <a style=\"color: #333333;\">swiloweb@gmail.com<\/a><\/span><\/p>\n<p><span style=\"color: #333333;\"><\/span><\/p>\n<hr class=\"wp-block-separator has-alpha-channel-opacity\" \/>\n<p><span style=\"color: #333333;\"><\/span><\/p>\n<p><span style=\"color: #333333;\"><em>Derni\u00e8re mise \u00e0 jour :<\/em> <strong>D\u00e9cembre 2025<\/strong><\/span><\/p>\n\t\t\t\t\t\t\t\t<\/div>\n\t\t\t\t\t<\/div>\n\t\t\t\t<\/div>\n\t\t\t\t<\/div>","protected":false},"excerpt":{"rendered":"<p>1. \u00c9diteur du site Le site internet chateaudebagens.fr (ci-apr\u00e8s le \u00ab Site \u00bb) est \u00e9dit\u00e9 par : Le Ch\u00e2teau de BagensAdresse : [&hellip;]<\/p>\n","protected":false},"author":1,"featured_media":0,"parent":0,"menu_order":0,"comment_status":"closed","ping_status":"closed","template":"","meta":{"footnotes":""},"class_list":["post-862","page","type-page","status-publish","hentry"],"_links":{"self":[{"href":"https:\/\/chateaudebagens.fr\/en\/wp-json\/wp\/v2\/pages\/862","targetHints":{"allow":["GET"]}}],"collection":[{"href":"https:\/\/chateaudebagens.fr\/en\/wp-json\/wp\/v2\/pages"}],"about":[{"href":"https:\/\/chateaudebagens.fr\/en\/wp-json\/wp\/v2\/types\/page"}],"author":[{"embeddable":true,"href":"https:\/\/chateaudebagens.fr\/en\/wp-json\/wp\/v2\/users\/1"}],"replies":[{"embeddable":true,"href":"https:\/\/chateaudebagens.fr\/en\/wp-json\/wp\/v2\/comments?post=862"}],"version-history":[{"count":20,"href":"https:\/\/chateaudebagens.fr\/en\/wp-json\/wp\/v2\/pages\/862\/revisions"}],"predecessor-version":[{"id":1840,"href":"https:\/\/chateaudebagens.fr\/en\/wp-json\/wp\/v2\/pages\/862\/revisions\/1840"}],"wp:attachment":[{"href":"https:\/\/chateaudebagens.fr\/en\/wp-json\/wp\/v2\/media?parent=862"}],"curies":[{"name":"wp","href":"https:\/\/api.w.org\/{rel}","templated":true}]}}